{"id":86,"date":"2024-02-28T10:22:37","date_gmt":"2024-02-28T09:22:37","guid":{"rendered":"http:\/\/tavieestbelle.com\/?page_id=86"},"modified":"2024-03-18T23:02:12","modified_gmt":"2024-03-18T22:02:12","slug":"mon-travail","status":"publish","type":"page","link":"https:\/\/tavieestbelle.com\/index.php\/mon-travail\/","title":{"rendered":"Mon travail"},"content":{"rendered":"\n<div class=\"wp-block-group alignwide has-secondary-background-color has-background is-layout-constrained wp-container-core-group-is-layout-e51076de wp-block-group-is-layout-constrained\" style=\"padding-top:110px;padding-right:1.5rem;padding-bottom:110px;padding-left:1.5rem\">\n<div class=\"wp-block-columns is-layout-flex wp-container-core-columns-is-layout-e05d3243 wp-block-columns-is-layout-flex\" style=\"padding-top:0px;padding-right:0px;padding-bottom:0px;padding-left:0px\">\n<div class=\"wp-block-column is-layout-flow wp-block-column-is-layout-flow\">\n<div class=\"wp-block-group has-background-background-color has-background is-layout-flow wp-block-group-is-layout-flow\" style=\"padding-top:12%;padding-right:12%;padding-bottom:12%;padding-left:12%\">\n<h2 class=\"wp-block-heading is-style-ona-alt-font has-primary-color has-text-color has-medium-large-font-size\" id=\"my-travel-gear\" style=\"line-height:1.2\">Bonjour&nbsp;!<\/h2>\n\n\n\n<h2 class=\"wp-block-heading has-medium-large-font-size\" id=\"my-travel-gear\" style=\"line-height:1.2\">Cr\u00e9ons des histoires gourmandes pour vos r\u00e9seaux sociaux !<\/h2>\n\n\n\n<p>Qu&#8217;elles soient sucr\u00e9es ou sal\u00e9es, omnivores ou vegan, sans gluten ou sans lait, votre marque a des histoires gourmandes \u00e0 raconter ! <\/p>\n\n\n\n<p>Mon travail ? Retranscrire en photo et en vid\u00e9o toute la gourmandise de votre marque dans une communication adapt\u00e9e aux r\u00e9seaux sociaux ou \u00e0 votre site.<\/p>\n\n\n\n<h3 class=\"wp-block-heading has-text-align-right is-style-ona-alt-font\">M\u00e9lodie de Tavieestbelle<\/h3>\n\n\n\n<div style=\"height:10px\" aria-hidden=\"true\" class=\"wp-block-spacer\"><\/div>\n<\/div>\n<\/div>\n\n\n\n<div class=\"wp-block-column is-style-no-spacing is-layout-flow wp-block-column-is-layout-flow\">\n<div class=\"wp-block-cover is-vertically-stretched\"><span aria-hidden=\"true\" class=\"wp-block-cover__background has-background-dim-0 has-background-dim\"><\/span><img loading=\"lazy\" decoding=\"async\" width=\"1080\" height=\"1080\" class=\"wp-block-cover__image-background wp-image-154\" alt=\"\" src=\"http:\/\/tavieestbelle.com\/wp-content\/uploads\/2024\/03\/pict20210925_100802_0.jpg\" data-object-fit=\"cover\" srcset=\"https:\/\/tavieestbelle.com\/wp-content\/uploads\/2024\/03\/pict20210925_100802_0.jpg 1080w, https:\/\/tavieestbelle.com\/wp-content\/uploads\/2024\/03\/pict20210925_100802_0-300x300.jpg 300w, https:\/\/tavieestbelle.com\/wp-content\/uploads\/2024\/03\/pict20210925_100802_0-1024x1024.jpg 1024w, https:\/\/tavieestbelle.com\/wp-content\/uploads\/2024\/03\/pict20210925_100802_0-150x150.jpg 150w, https:\/\/tavieestbelle.com\/wp-content\/uploads\/2024\/03\/pict20210925_100802_0-768x768.jpg 768w\" sizes=\"auto, (max-width: 1080px) 100vw, 1080px\" \/><div class=\"wp-block-cover__inner-container is-layout-flow wp-block-cover-is-layout-flow\">\n<p class=\"has-text-align-center has-large-font-size\"><\/p>\n<\/div><\/div>\n<\/div>\n<\/div>\n<\/div>\n\n\n\n<div class=\"wp-block-group alignwide is-layout-constrained wp-container-core-group-is-layout-ed30c500 wp-block-group-is-layout-constrained\" style=\"padding-top:100px;padding-bottom:100px\">\n<h2 class=\"wp-block-heading has-text-align-center has-tiny-font-size\" style=\"margin-bottom:64px;font-style:normal;font-weight:400;letter-spacing:4px;text-transform:uppercase\">ILS M&#8217;ONT FAIT CONFIANCE<\/h2>\n\n\n\n<div class=\"wp-block-columns is-layout-flex wp-container-core-columns-is-layout-28f84493 wp-block-columns-is-layout-flex\">\n<div class=\"wp-block-column is-layout-flow wp-block-column-is-layout-flow\">\n<figure class=\"wp-block-image aligncenter size-full is-resized\"><img loading=\"lazy\" decoding=\"async\" width=\"500\" height=\"500\" src=\"https:\/\/tavieestbelle.com\/wp-content\/uploads\/2024\/03\/Bjorg.png\" alt=\"\" class=\"wp-image-213\" style=\"width:141px;height:auto\" srcset=\"https:\/\/tavieestbelle.com\/wp-content\/uploads\/2024\/03\/Bjorg.png 500w, https:\/\/tavieestbelle.com\/wp-content\/uploads\/2024\/03\/Bjorg-300x300.png 300w, https:\/\/tavieestbelle.com\/wp-content\/uploads\/2024\/03\/Bjorg-150x150.png 150w\" sizes=\"auto, (max-width: 500px) 100vw, 500px\" \/><\/figure>\n<\/div>\n\n\n\n<div class=\"wp-block-column is-layout-flow wp-block-column-is-layout-flow\">\n<figure class=\"wp-block-image aligncenter size-full is-resized\"><img loading=\"lazy\" decoding=\"async\" width=\"500\" height=\"500\" src=\"https:\/\/tavieestbelle.com\/wp-content\/uploads\/2024\/03\/moulinex.png\" alt=\"\" class=\"wp-image-214\" style=\"width:137px;height:auto\" srcset=\"https:\/\/tavieestbelle.com\/wp-content\/uploads\/2024\/03\/moulinex.png 500w, https:\/\/tavieestbelle.com\/wp-content\/uploads\/2024\/03\/moulinex-300x300.png 300w, https:\/\/tavieestbelle.com\/wp-content\/uploads\/2024\/03\/moulinex-150x150.png 150w\" sizes=\"auto, (max-width: 500px) 100vw, 500px\" \/><\/figure>\n<\/div>\n\n\n\n<div class=\"wp-block-column is-layout-flow wp-block-column-is-layout-flow\">\n<figure class=\"wp-block-image aligncenter size-full is-resized\"><img loading=\"lazy\" decoding=\"async\" width=\"500\" height=\"500\" src=\"https:\/\/tavieestbelle.com\/wp-content\/uploads\/2024\/03\/crudette.png\" alt=\"\" class=\"wp-image-215\" style=\"width:139px;height:auto\" srcset=\"https:\/\/tavieestbelle.com\/wp-content\/uploads\/2024\/03\/crudette.png 500w, https:\/\/tavieestbelle.com\/wp-content\/uploads\/2024\/03\/crudette-300x300.png 300w, https:\/\/tavieestbelle.com\/wp-content\/uploads\/2024\/03\/crudette-150x150.png 150w\" sizes=\"auto, (max-width: 500px) 100vw, 500px\" \/><\/figure>\n<\/div>\n\n\n\n<div class=\"wp-block-column is-layout-flow wp-block-column-is-layout-flow\">\n<figure class=\"wp-block-image aligncenter size-full is-resized\"><img loading=\"lazy\" decoding=\"async\" width=\"500\" height=\"500\" src=\"https:\/\/tavieestbelle.com\/wp-content\/uploads\/2024\/03\/Panach.png\" alt=\"\" class=\"wp-image-216\" style=\"width:147px;height:auto\" srcset=\"https:\/\/tavieestbelle.com\/wp-content\/uploads\/2024\/03\/Panach.png 500w, https:\/\/tavieestbelle.com\/wp-content\/uploads\/2024\/03\/Panach-300x300.png 300w, https:\/\/tavieestbelle.com\/wp-content\/uploads\/2024\/03\/Panach-150x150.png 150w\" sizes=\"auto, (max-width: 500px) 100vw, 500px\" \/><\/figure>\n<\/div>\n\n\n\n<div class=\"wp-block-column is-layout-flow wp-block-column-is-layout-flow\">\n<figure class=\"wp-block-image aligncenter size-full is-resized\"><img loading=\"lazy\" decoding=\"async\" width=\"500\" height=\"500\" src=\"https:\/\/tavieestbelle.com\/wp-content\/uploads\/2024\/03\/bosch.png\" alt=\"\" class=\"wp-image-221\" style=\"width:145px;height:auto\" srcset=\"https:\/\/tavieestbelle.com\/wp-content\/uploads\/2024\/03\/bosch.png 500w, https:\/\/tavieestbelle.com\/wp-content\/uploads\/2024\/03\/bosch-300x300.png 300w, https:\/\/tavieestbelle.com\/wp-content\/uploads\/2024\/03\/bosch-150x150.png 150w\" sizes=\"auto, (max-width: 500px) 100vw, 500px\" \/><\/figure>\n<\/div>\n\n\n\n<div class=\"wp-block-column is-layout-flow wp-block-column-is-layout-flow\">\n<figure class=\"wp-block-image size-full is-resized\"><img loading=\"lazy\" decoding=\"async\" width=\"500\" height=\"500\" src=\"https:\/\/tavieestbelle.com\/wp-content\/uploads\/2024\/03\/vrai.png\" alt=\"\" class=\"wp-image-218\" style=\"width:147px;height:auto\" srcset=\"https:\/\/tavieestbelle.com\/wp-content\/uploads\/2024\/03\/vrai.png 500w, https:\/\/tavieestbelle.com\/wp-content\/uploads\/2024\/03\/vrai-300x300.png 300w, https:\/\/tavieestbelle.com\/wp-content\/uploads\/2024\/03\/vrai-150x150.png 150w\" sizes=\"auto, (max-width: 500px) 100vw, 500px\" \/><\/figure>\n<\/div>\n<\/div>\n\n\n\n<div class=\"wp-block-columns is-layout-flex wp-container-core-columns-is-layout-28f84493 wp-block-columns-is-layout-flex\">\n<div class=\"wp-block-column is-layout-flow wp-block-column-is-layout-flow\">\n<figure class=\"wp-block-image aligncenter size-full is-resized\"><img loading=\"lazy\" decoding=\"async\" width=\"500\" height=\"500\" src=\"https:\/\/tavieestbelle.com\/wp-content\/uploads\/2024\/03\/activia.png\" alt=\"\" class=\"wp-image-219\" style=\"width:141px;height:auto\" srcset=\"https:\/\/tavieestbelle.com\/wp-content\/uploads\/2024\/03\/activia.png 500w, https:\/\/tavieestbelle.com\/wp-content\/uploads\/2024\/03\/activia-300x300.png 300w, https:\/\/tavieestbelle.com\/wp-content\/uploads\/2024\/03\/activia-150x150.png 150w\" sizes=\"auto, (max-width: 500px) 100vw, 500px\" \/><\/figure>\n<\/div>\n\n\n\n<div class=\"wp-block-column is-layout-flow wp-block-column-is-layout-flow\">\n<figure class=\"wp-block-image aligncenter size-full is-resized\"><img loading=\"lazy\" decoding=\"async\" width=\"500\" height=\"500\" src=\"https:\/\/tavieestbelle.com\/wp-content\/uploads\/2024\/03\/Disney.png\" alt=\"\" class=\"wp-image-220\" style=\"width:137px;height:auto\" srcset=\"https:\/\/tavieestbelle.com\/wp-content\/uploads\/2024\/03\/Disney.png 500w, https:\/\/tavieestbelle.com\/wp-content\/uploads\/2024\/03\/Disney-300x300.png 300w, https:\/\/tavieestbelle.com\/wp-content\/uploads\/2024\/03\/Disney-150x150.png 150w\" sizes=\"auto, (max-width: 500px) 100vw, 500px\" \/><\/figure>\n<\/div>\n\n\n\n<div class=\"wp-block-column is-layout-flow wp-block-column-is-layout-flow\">\n<figure class=\"wp-block-image aligncenter size-full is-resized\"><img loading=\"lazy\" decoding=\"async\" width=\"500\" height=\"500\" src=\"https:\/\/tavieestbelle.com\/wp-content\/uploads\/2024\/03\/300.png\" alt=\"\" class=\"wp-image-224\" style=\"width:139px;height:auto\" srcset=\"https:\/\/tavieestbelle.com\/wp-content\/uploads\/2024\/03\/300.png 500w, https:\/\/tavieestbelle.com\/wp-content\/uploads\/2024\/03\/300-300x300.png 300w, https:\/\/tavieestbelle.com\/wp-content\/uploads\/2024\/03\/300-150x150.png 150w\" sizes=\"auto, (max-width: 500px) 100vw, 500px\" \/><\/figure>\n<\/div>\n\n\n\n<div class=\"wp-block-column is-layout-flow wp-block-column-is-layout-flow\">\n<figure class=\"wp-block-image aligncenter size-full is-resized\"><img loading=\"lazy\" decoding=\"async\" width=\"500\" height=\"500\" src=\"https:\/\/tavieestbelle.com\/wp-content\/uploads\/2024\/03\/alterEco.png\" alt=\"\" class=\"wp-image-222\" style=\"width:147px;height:auto\" srcset=\"https:\/\/tavieestbelle.com\/wp-content\/uploads\/2024\/03\/alterEco.png 500w, https:\/\/tavieestbelle.com\/wp-content\/uploads\/2024\/03\/alterEco-300x300.png 300w, https:\/\/tavieestbelle.com\/wp-content\/uploads\/2024\/03\/alterEco-150x150.png 150w\" sizes=\"auto, (max-width: 500px) 100vw, 500px\" \/><\/figure>\n<\/div>\n\n\n\n<div class=\"wp-block-column is-layout-flow wp-block-column-is-layout-flow\">\n<figure class=\"wp-block-image aligncenter size-full is-resized\"><img loading=\"lazy\" decoding=\"async\" width=\"500\" height=\"500\" src=\"https:\/\/tavieestbelle.com\/wp-content\/uploads\/2024\/03\/danival.png\" alt=\"\" class=\"wp-image-217\" style=\"width:145px;height:auto\" srcset=\"https:\/\/tavieestbelle.com\/wp-content\/uploads\/2024\/03\/danival.png 500w, https:\/\/tavieestbelle.com\/wp-content\/uploads\/2024\/03\/danival-300x300.png 300w, https:\/\/tavieestbelle.com\/wp-content\/uploads\/2024\/03\/danival-150x150.png 150w\" sizes=\"auto, (max-width: 500px) 100vw, 500px\" \/><\/figure>\n<\/div>\n\n\n\n<div class=\"wp-block-column is-layout-flow wp-block-column-is-layout-flow\">\n<figure class=\"wp-block-image size-full is-resized\"><img loading=\"lazy\" decoding=\"async\" width=\"500\" height=\"500\" src=\"https:\/\/tavieestbelle.com\/wp-content\/uploads\/2024\/03\/Mowi.png\" alt=\"\" class=\"wp-image-223\" style=\"width:147px;height:auto\" srcset=\"https:\/\/tavieestbelle.com\/wp-content\/uploads\/2024\/03\/Mowi.png 500w, https:\/\/tavieestbelle.com\/wp-content\/uploads\/2024\/03\/Mowi-300x300.png 300w, https:\/\/tavieestbelle.com\/wp-content\/uploads\/2024\/03\/Mowi-150x150.png 150w\" sizes=\"auto, (max-width: 500px) 100vw, 500px\" \/><\/figure>\n<\/div>\n<\/div>\n<\/div>\n","protected":false},"excerpt":{"rendered":"<p>Bonjour&nbsp;! Cr\u00e9ons des histoires gourmandes pour vos r\u00e9seaux sociaux ! Qu&#8217;elles soient sucr\u00e9es ou sal\u00e9es, omnivores ou vegan, sans gluten ou sans lait, votre marque a des histoires gourmandes \u00e0 raconter ! Mon travail ? Retranscrire en photo et en vid\u00e9o toute la gourmandise de votre marque dans une communication adapt\u00e9e aux r\u00e9seaux sociaux ou [&hellip;]<\/p>\n","protected":false},"author":1,"featured_media":0,"parent":0,"menu_order":0,"comment_status":"closed","ping_status":"closed","template":"","meta":{"footnotes":""},"class_list":["post-86","page","type-page","status-publish","hentry"],"_links":{"self":[{"href":"https:\/\/tavieestbelle.com\/index.php\/wp-json\/wp\/v2\/pages\/86","targetHints":{"allow":["GET"]}}],"collection":[{"href":"https:\/\/tavieestbelle.com\/index.php\/wp-json\/wp\/v2\/pages"}],"about":[{"href":"https:\/\/tavieestbelle.com\/index.php\/wp-json\/wp\/v2\/types\/page"}],"author":[{"embeddable":true,"href":"https:\/\/tavieestbelle.com\/index.php\/wp-json\/wp\/v2\/users\/1"}],"replies":[{"embeddable":true,"href":"https:\/\/tavieestbelle.com\/index.php\/wp-json\/wp\/v2\/comments?post=86"}],"version-history":[{"count":3,"href":"https:\/\/tavieestbelle.com\/index.php\/wp-json\/wp\/v2\/pages\/86\/revisions"}],"predecessor-version":[{"id":226,"href":"https:\/\/tavieestbelle.com\/index.php\/wp-json\/wp\/v2\/pages\/86\/revisions\/226"}],"wp:attachment":[{"href":"https:\/\/tavieestbelle.com\/index.php\/wp-json\/wp\/v2\/media?parent=86"}],"curies":[{"name":"wp","href":"https:\/\/api.w.org\/{rel}","templated":true}]}}